{"id":3,"date":"2026-03-17T21:21:14","date_gmt":"2026-03-17T21:21:14","guid":{"rendered":"https:\/\/markeetar.com.br\/vdmcomponentes\/?page_id=3"},"modified":"2026-04-05T12:21:53","modified_gmt":"2026-04-05T12:21:53","slug":"privacy-policy","status":"publish","type":"page","link":"https:\/\/markeetar.com.br\/vdmcomponentes\/index.php\/privacy-policy\/","title":{"rendered":"Pol\u00edtica de privacidade"},"content":{"rendered":"<style>.elementor-3 .elementor-element.elementor-element-5f1c6cda{--display:flex;}:root{--page-title-display:none;}<\/style>\t\t<div data-elementor-type=\"wp-page\" data-elementor-id=\"3\" class=\"elementor elementor-3\" data-elementor-post-type=\"page\">\n\t\t\t\t<div class=\"elementor-element elementor-element-5f1c6cda e-flex e-con-boxed e-con e-parent\" data-id=\"5f1c6cda\" data-element_type=\"container\" data-e-type=\"container\">\n\t\t\t\t\t<div class=\"e-con-inner\">\n\t\t\t\t<div class=\"elementor-element elementor-element-2a60dd5b elementor-widget elementor-widget-text-editor\" data-id=\"2a60dd5b\" data-element_type=\"widget\" data-e-type=\"widget\" data-widget_type=\"text-editor.default\">\n\t\t\t\t\t\t\t\t\t\n<h2 class=\"wp-block-heading\"><\/h2>\n\n\n\n<h2 class=\"wp-block-heading\">Pol\u00edtica de Privacidade<\/h2>\n\n\n\n<p>A sua privacidade \u00e9 importante para n\u00f3s. \u00c9 pol\u00edtica da VDM Componentes respeitar a sua privacidade em rela\u00e7\u00e3o a qualquer informa\u00e7\u00e3o sua que possamos coletar no site.<\/p>\n\n\n\n<h3 class=\"wp-block-heading\">1. Coleta de informa\u00e7\u00f5es<\/h3>\n\n\n\n<p>Coletamos informa\u00e7\u00f5es pessoais apenas quando realmente precisamos delas para lhe fornecer um servi\u00e7o. Fazemos isso por meios justos e legais, com o seu conhecimento e consentimento.<\/p>\n\n\n\n<p>As informa\u00e7\u00f5es coletadas podem incluir:<\/p>\n\n\n\n<ul class=\"wp-block-list\">\n<li>Nome<\/li>\n\n\n\n<li>E-mail<\/li>\n\n\n\n<li>Telefone<\/li>\n\n\n\n<li>Dados de navega\u00e7\u00e3o<\/li>\n<\/ul>\n\n\n\n<h3 class=\"wp-block-heading\">2. Uso das informa\u00e7\u00f5es<\/h3>\n\n\n\n<p>As informa\u00e7\u00f5es coletadas s\u00e3o utilizadas para:<\/p>\n\n\n\n<ul class=\"wp-block-list\">\n<li>Melhorar a experi\u00eancia do usu\u00e1rio<\/li>\n\n\n\n<li>Entrar em contato com o cliente<\/li>\n\n\n\n<li>Enviar informa\u00e7\u00f5es e ofertas<\/li>\n\n\n\n<li>Processar solicita\u00e7\u00f5es e pedidos<\/li>\n<\/ul>\n\n\n\n<h3 class=\"wp-block-heading\">3. Compartilhamento de dados<\/h3>\n\n\n\n<p>N\u00e3o compartilhamos informa\u00e7\u00f5es pessoais publicamente ou com terceiros, exceto quando exigido por lei ou necess\u00e1rio para a presta\u00e7\u00e3o dos servi\u00e7os.<\/p>\n\n\n\n<h3 class=\"wp-block-heading\">4. Seguran\u00e7a das informa\u00e7\u00f5es<\/h3>\n\n\n\n<p>Adotamos medidas de seguran\u00e7a adequadas para proteger seus dados contra acesso n\u00e3o autorizado, altera\u00e7\u00e3o, divulga\u00e7\u00e3o ou destrui\u00e7\u00e3o.<\/p>\n\n\n\n<h3 class=\"wp-block-heading\">5. Cookies<\/h3>\n\n\n\n<p>Utilizamos cookies para melhorar a experi\u00eancia do usu\u00e1rio. Voc\u00ea pode configurar seu navegador para recusar cookies, caso prefira.<\/p>\n\n\n\n<h3 class=\"wp-block-heading\">6. Links externos<\/h3>\n\n\n\n<p>Nosso site pode conter links para sites externos que n\u00e3o s\u00e3o operados por n\u00f3s. N\u00e3o nos responsabilizamos pelas pr\u00e1ticas de privacidade de outros sites.<\/p>\n\n\n\n<h3 class=\"wp-block-heading\">7. Direitos do usu\u00e1rio<\/h3>\n\n\n\n<p>Voc\u00ea tem o direito de acessar, corrigir ou excluir suas informa\u00e7\u00f5es pessoais a qualquer momento.<\/p>\n\n\n\n<h3 class=\"wp-block-heading\">8. Altera\u00e7\u00f5es nesta pol\u00edtica<\/h3>\n\n\n\n<p>Esta pol\u00edtica pode ser atualizada periodicamente. Recomendamos que voc\u00ea revise esta p\u00e1gina regularmente.<\/p>\n\n\n\n<h3 class=\"wp-block-heading\">9. Contato<\/h3>\n\n\n\n<p>Se voc\u00ea tiver alguma d\u00favida sobre esta pol\u00edtica de privacidade, entre em contato conosco atrav\u00e9s dos canais dispon\u00edveis em nosso site.<\/p>\n\t\t\t\t\t\t\t\t<\/div>\n\t\t\t\t\t<\/div>\n\t\t\t\t<\/div>\n\t\t\t\t<\/div>\n\t\t","protected":false},"excerpt":{"rendered":"<p>Pol\u00edtica de Privacidade A sua privacidade \u00e9 importante para n\u00f3s. \u00c9 pol\u00edtica da VDM Componentes respeitar a sua privacidade em rela\u00e7\u00e3o a qualquer informa\u00e7\u00e3o sua que possamos coletar no site. 1. Coleta de informa\u00e7\u00f5es Coletamos informa\u00e7\u00f5es pessoais apenas quando realmente precisamos delas para lhe fornecer um servi\u00e7o. Fazemos isso por meios justos e legais, com [&hellip;]<\/p>\n","protected":false},"author":1,"featured_media":0,"parent":0,"menu_order":0,"comment_status":"closed","ping_status":"open","template":"","meta":{"footnotes":""},"class_list":["post-3","page","type-page","status-publish","hentry"],"_links":{"self":[{"href":"https:\/\/markeetar.com.br\/vdmcomponentes\/index.php\/wp-json\/wp\/v2\/pages\/3","targetHints":{"allow":["GET"]}}],"collection":[{"href":"https:\/\/markeetar.com.br\/vdmcomponentes\/index.php\/wp-json\/wp\/v2\/pages"}],"about":[{"href":"https:\/\/markeetar.com.br\/vdmcomponentes\/index.php\/wp-json\/wp\/v2\/types\/page"}],"author":[{"embeddable":true,"href":"https:\/\/markeetar.com.br\/vdmcomponentes\/index.php\/wp-json\/wp\/v2\/users\/1"}],"replies":[{"embeddable":true,"href":"https:\/\/markeetar.com.br\/vdmcomponentes\/index.php\/wp-json\/wp\/v2\/comments?post=3"}],"version-history":[{"count":5,"href":"https:\/\/markeetar.com.br\/vdmcomponentes\/index.php\/wp-json\/wp\/v2\/pages\/3\/revisions"}],"predecessor-version":[{"id":1291,"href":"https:\/\/markeetar.com.br\/vdmcomponentes\/index.php\/wp-json\/wp\/v2\/pages\/3\/revisions\/1291"}],"wp:attachment":[{"href":"https:\/\/markeetar.com.br\/vdmcomponentes\/index.php\/wp-json\/wp\/v2\/media?parent=3"}],"curies":[{"name":"wp","href":"https:\/\/api.w.org\/{rel}","templated":true}]}}