{"id":1681,"date":"2026-04-14T14:56:06","date_gmt":"2026-04-14T14:56:06","guid":{"rendered":"https:\/\/markeetar.com.br\/vdmcomponentes\/?post_type=product&#038;p=1681"},"modified":"2026-04-17T13:11:55","modified_gmt":"2026-04-17T13:11:55","slug":"cotovelo-macho","status":"publish","type":"product","link":"https:\/\/markeetar.com.br\/vdmcomponentes\/index.php\/product\/cotovelo-macho\/","title":{"rendered":"Cotovelo Macho"},"content":{"rendered":"<div class=\"flex flex-col text-sm pb-25\">\n<section class=\"text-token-text-primary w-full focus:outline-none [--shadow-height:45px] has-data-writing-block:pointer-events-none has-data-writing-block:-mt-(--shadow-height) has-data-writing-block:pt-(--shadow-height) [&amp;:has([data-writing-block])&gt;*]:pointer-events-auto scroll-mt-[calc(var(--header-height)+min(200px,max(70px,20svh)))]\" dir=\"auto\" data-turn-id=\"request-69dfa6f1-9a90-83e9-8fb7-811235e02fae-0\" data-testid=\"conversation-turn-88\" data-scroll-anchor=\"true\" data-turn=\"assistant\">\n<div class=\"text-base my-auto mx-auto pb-10 [--thread-content-margin:var(--thread-content-margin-xs,calc(var(--spacing)*4))] @w-sm\/main:[--thread-content-margin:var(--thread-content-margin-sm,calc(var(--spacing)*6))] @w-lg\/main:[--thread-content-margin:var(--thread-content-margin-lg,calc(var(--spacing)*16))] px-(--thread-content-margin)\">\n<div class=\"[--thread-content-max-width:40rem] @w-lg\/main:[--thread-content-max-width:48rem] mx-auto max-w-(--thread-content-max-width) flex-1 group\/turn-messages focus-visible:outline-hidden relative flex w-full min-w-0 flex-col agent-turn\">\n<div class=\"flex max-w-full flex-col gap-4 grow\">\n<div class=\"min-h-8 text-message relative flex w-full flex-col items-end gap-2 text-start break-words whitespace-normal outline-none keyboard-focused:focus-ring [.text-message+&amp;]:mt-1\" dir=\"auto\" tabindex=\"0\" data-message-author-role=\"assistant\" data-message-id=\"fbaa2814-9bda-42db-8de7-713cacc8e37a\" data-turn-start-message=\"true\" data-message-model-slug=\"gpt-5-3\">\n<div class=\"flex w-full flex-col gap-1 empty:hidden\">\n<div class=\"markdown prose dark:prose-invert w-full wrap-break-word light markdown-new-styling\">\n<p data-start=\"0\" data-end=\"24\"><strong data-start=\"0\" data-end=\"24\">Informa\u00e7\u00f5es T\u00e9cnicas<\/strong><\/p>\n<ul data-start=\"26\" data-end=\"547\">\n<li data-section-id=\"misyqi\" data-start=\"26\" data-end=\"79\">Material: Lat\u00e3o niquelado \/ a\u00e7o (conforme modelo)<\/li>\n<li data-section-id=\"zaq7vk\" data-start=\"80\" data-end=\"134\">Tipo: Conex\u00f5es met\u00e1licas para sistemas pneum\u00e1ticos<\/li>\n<li data-section-id=\"1idaat9\" data-start=\"135\" data-end=\"176\">Veda\u00e7\u00e3o: Anel O-ring (NBR ou similar)<\/li>\n<li data-section-id=\"1nis64f\" data-start=\"177\" data-end=\"217\">Aplica\u00e7\u00e3o: Sistemas de ar comprimido<\/li>\n<li data-section-id=\"uupugo\" data-start=\"218\" data-end=\"268\">Conex\u00e3o: Para tubos (PU, PA, PE, entre outros)<\/li>\n<li data-section-id=\"1s6ls1x\" data-start=\"269\" data-end=\"312\">Rosca: BSP\/NPT (conforme especifica\u00e7\u00e3o)<\/li>\n<li data-section-id=\"1v2d6kx\" data-start=\"313\" data-end=\"366\">Tamanho: Padr\u00e3o (consultar di\u00e2metros dispon\u00edveis)<\/li>\n<li data-section-id=\"ivlobo\" data-start=\"367\" data-end=\"434\">Press\u00e3o operacional: At\u00e9 10 bar (pode variar conforme o modelo)<\/li>\n<li data-section-id=\"1i9ydcj\" data-start=\"435\" data-end=\"508\">Temperatura de trabalho: 0 \u00b0C a 80 \u00b0C (vari\u00e1vel conforme a aplica\u00e7\u00e3o)<\/li>\n<li data-section-id=\"1g65g1n\" data-start=\"509\" data-end=\"547\">Posi\u00e7\u00e3o de instala\u00e7\u00e3o: Indiferente<\/li>\n<\/ul>\n<p data-start=\"549\" data-end=\"568\">\n<p data-start=\"549\" data-end=\"568\"><strong data-start=\"549\" data-end=\"568\">Caracter\u00edsticas<\/strong><\/p>\n<ul data-start=\"570\" data-end=\"822\">\n<li data-section-id=\"1dzm709\" data-start=\"570\" data-end=\"599\">Alta resist\u00eancia mec\u00e2nica<\/li>\n<li data-section-id=\"nquqn3\" data-start=\"600\" data-end=\"639\">Excelente veda\u00e7\u00e3o contra vazamentos<\/li>\n<li data-section-id=\"4rvaqv\" data-start=\"640\" data-end=\"697\">Maior durabilidade em compara\u00e7\u00e3o a conex\u00f5es pl\u00e1sticas<\/li>\n<li data-section-id=\"rj573w\" data-start=\"698\" data-end=\"749\">Resist\u00eancia a vibra\u00e7\u00f5es e ambientes industriais<\/li>\n<li data-section-id=\"1mmwyyw\" data-start=\"750\" data-end=\"783\">F\u00e1cil instala\u00e7\u00e3o e manuten\u00e7\u00e3o<\/li>\n<li data-section-id=\"1vf6gbr\" data-start=\"784\" data-end=\"822\">Acabamento niquelado anticorrosivo<\/li>\n<\/ul>\n<p data-start=\"824\" data-end=\"840\">\n<p data-start=\"824\" data-end=\"840\"><strong data-start=\"824\" data-end=\"840\">Dicas de Uso<\/strong><\/p>\n<ul data-start=\"842\" data-end=\"1100\">\n<li data-section-id=\"3x0yxm\" data-start=\"842\" data-end=\"897\">Utilizar tubos compat\u00edveis com o sistema pneum\u00e1tico<\/li>\n<li data-section-id=\"11favu0\" data-start=\"898\" data-end=\"937\">Aplicar vedante adequado nas roscas<\/li>\n<li data-section-id=\"8urvn0\" data-start=\"938\" data-end=\"992\">Verificar press\u00e3o e temperatura antes da aplica\u00e7\u00e3o<\/li>\n<li data-section-id=\"kn5ncw\" data-start=\"993\" data-end=\"1044\">Evitar contamina\u00e7\u00e3o no sistema de ar comprimido<\/li>\n<li data-section-id=\"f4941p\" data-start=\"1045\" data-end=\"1100\">Realizar inspe\u00e7\u00f5es peri\u00f3dicas para garantir veda\u00e7\u00e3o<\/li>\n<\/ul>\n<p data-start=\"1102\" data-end=\"1123\">\n<p data-start=\"1102\" data-end=\"1123\"><strong data-start=\"1102\" data-end=\"1123\">Nichos de Mercado<\/strong><\/p>\n<ul data-start=\"1125\" data-end=\"1274\" data-is-last-node=\"\" data-is-only-node=\"\">\n<li data-section-id=\"1i3e2w7\" data-start=\"1125\" data-end=\"1149\">Automa\u00e7\u00e3o industrial<\/li>\n<li data-section-id=\"1cgpp73\" data-start=\"1150\" data-end=\"1174\">Sistemas pneum\u00e1ticos<\/li>\n<li data-section-id=\"vhcbrt\" data-start=\"1175\" data-end=\"1197\">Ind\u00fastria em geral<\/li>\n<li data-section-id=\"1gb0147\" data-start=\"1198\" data-end=\"1225\">M\u00e1quinas e equipamentos<\/li>\n<li data-section-id=\"kpmxf3\" data-start=\"1226\" data-end=\"1248\">Linhas de produ\u00e7\u00e3o<\/li>\n<li data-section-id=\"121nawc\" data-start=\"1249\" data-end=\"1274\" data-is-last-node=\"\">Manuten\u00e7\u00e3o industrial<\/li>\n<\/ul>\n<\/div>\n<\/div>\n<\/div>\n<\/div>\n<div class=\"z-0 flex min-h-[46px] justify-start\"><\/div>\n<div class=\"mt-3 w-full empty:hidden\">\n<div class=\"text-center\"><\/div>\n<\/div>\n<\/div>\n<\/div>\n<\/section>\n<\/div>\n<div class=\"pointer-events-none h-px w-px absolute bottom-0\" aria-hidden=\"true\" data-edge=\"true\"><\/div>\n","protected":false},"excerpt":{"rendered":"<p>As Conex\u00f5es Instant\u00e2neas s\u00e3o ideais para sistemas pneum\u00e1ticos e hidr\u00e1ulicos que exigem<br \/>\nmontagem r\u00e1pida, segura e sem o uso de ferramentas. Desenvolvidas com sistema de engate<br \/>\nr\u00e1pido (push-in), permitem conex\u00e3o e desconex\u00e3o pr\u00e1tica de tubos, garantindo excelente<br \/>\nveda\u00e7\u00e3o e efici\u00eancia operacional.<br \/>\nFabricadas com materiais de alta qualidade, como tecnopol\u00edmero e componentes met\u00e1licos,<br \/>\noferecem resist\u00eancia mec\u00e2nica, durabilidade e \u00f3timo desempenho mesmo em aplica\u00e7\u00f5es<br \/>\nindustriais exigentes.<br \/>\nAmplamente utilizadas em sistemas de ar comprimido, automa\u00e7\u00e3o e equipamentos industriais,<br \/>\nproporcionam agilidade na instala\u00e7\u00e3o e manuten\u00e7\u00e3o.<\/p>\n","protected":false},"featured_media":1815,"comment_status":"open","ping_status":"closed","template":"","meta":[],"product_brand":[],"product_cat":[24,15],"product_tag":[],"class_list":{"0":"post-1681","1":"product","2":"type-product","3":"status-publish","4":"has-post-thumbnail","6":"product_cat-conexoes-instantaneas","7":"product_cat-sem-categoria","9":"first","10":"instock","11":"shipping-taxable","12":"product-type-simple"},"_links":{"self":[{"href":"https:\/\/markeetar.com.br\/vdmcomponentes\/index.php\/wp-json\/wp\/v2\/product\/1681","targetHints":{"allow":["GET"]}}],"collection":[{"href":"https:\/\/markeetar.com.br\/vdmcomponentes\/index.php\/wp-json\/wp\/v2\/product"}],"about":[{"href":"https:\/\/markeetar.com.br\/vdmcomponentes\/index.php\/wp-json\/wp\/v2\/types\/product"}],"replies":[{"embeddable":true,"href":"https:\/\/markeetar.com.br\/vdmcomponentes\/index.php\/wp-json\/wp\/v2\/comments?post=1681"}],"wp:featuredmedia":[{"embeddable":true,"href":"https:\/\/markeetar.com.br\/vdmcomponentes\/index.php\/wp-json\/wp\/v2\/media\/1815"}],"wp:attachment":[{"href":"https:\/\/markeetar.com.br\/vdmcomponentes\/index.php\/wp-json\/wp\/v2\/media?parent=1681"}],"wp:term":[{"taxonomy":"product_brand","embeddable":true,"href":"https:\/\/markeetar.com.br\/vdmcomponentes\/index.php\/wp-json\/wp\/v2\/product_brand?post=1681"},{"taxonomy":"product_cat","embeddable":true,"href":"https:\/\/markeetar.com.br\/vdmcomponentes\/index.php\/wp-json\/wp\/v2\/product_cat?post=1681"},{"taxonomy":"product_tag","embeddable":true,"href":"https:\/\/markeetar.com.br\/vdmcomponentes\/index.php\/wp-json\/wp\/v2\/product_tag?post=1681"}],"curies":[{"name":"wp","href":"https:\/\/api.w.org\/{rel}","templated":true}]}}