{"id":1728,"date":"2026-04-14T16:00:33","date_gmt":"2026-04-14T16:00:33","guid":{"rendered":"https:\/\/markeetar.com.br\/vdmcomponentes\/?post_type=product&#038;p=1728"},"modified":"2026-04-15T17:44:09","modified_gmt":"2026-04-15T17:44:09","slug":"cilindro-iso-6431","status":"publish","type":"product","link":"https:\/\/markeetar.com.br\/vdmcomponentes\/index.php\/product\/cilindro-iso-6431\/","title":{"rendered":"Cilindro ISO 6431"},"content":{"rendered":"<div class=\"flex flex-col text-sm pb-25\">\n<section class=\"text-token-text-primary w-full focus:outline-none [--shadow-height:45px] has-data-writing-block:pointer-events-none has-data-writing-block:-mt-(--shadow-height) has-data-writing-block:pt-(--shadow-height) [&amp;:has([data-writing-block])&gt;*]:pointer-events-auto scroll-mt-[calc(var(--header-height)+min(200px,max(70px,20svh)))]\" dir=\"auto\" data-turn-id=\"request-69dfa6f1-9a90-83e9-8fb7-811235e02fae-7\" data-testid=\"conversation-turn-20\" data-scroll-anchor=\"true\" data-turn=\"assistant\">\n<div class=\"text-base my-auto mx-auto pb-10 [--thread-content-margin:var(--thread-content-margin-xs,calc(var(--spacing)*4))] @w-sm\/main:[--thread-content-margin:var(--thread-content-margin-sm,calc(var(--spacing)*6))] @w-lg\/main:[--thread-content-margin:var(--thread-content-margin-lg,calc(var(--spacing)*16))] px-(--thread-content-margin)\">\n<div class=\"[--thread-content-max-width:40rem] @w-lg\/main:[--thread-content-max-width:48rem] mx-auto max-w-(--thread-content-max-width) flex-1 group\/turn-messages focus-visible:outline-hidden relative flex w-full min-w-0 flex-col agent-turn\">\n<div class=\"flex max-w-full flex-col gap-4 grow\">\n<div class=\"min-h-8 text-message relative flex w-full flex-col items-end gap-2 text-start break-words whitespace-normal outline-none keyboard-focused:focus-ring [.text-message+&amp;]:mt-1\" dir=\"auto\" tabindex=\"0\" data-message-author-role=\"assistant\" data-message-id=\"64b5e01e-6e7a-476d-bbe0-9df06e64edb7\" data-message-model-slug=\"gpt-5-3\" data-turn-start-message=\"true\">\n<div class=\"flex w-full flex-col gap-1 empty:hidden\">\n<div class=\"markdown prose dark:prose-invert w-full wrap-break-word light markdown-new-styling\">\n<p data-start=\"68\" data-end=\"92\"><strong data-start=\"68\" data-end=\"92\">Informa\u00e7\u00f5es T\u00e9cnicas<\/strong><\/p>\n<ul data-start=\"94\" data-end=\"644\">\n<li data-section-id=\"t24vpg\" data-start=\"94\" data-end=\"152\">Tipo: Cilindro pneum\u00e1tico de simples a\u00e7\u00e3o \/ dupla a\u00e7\u00e3o<\/li>\n<li data-section-id=\"rdsxgg\" data-start=\"153\" data-end=\"185\">Padr\u00e3o: ISO 6431 \/ ISO 15552<\/li>\n<li data-section-id=\"16i32uj\" data-start=\"186\" data-end=\"250\">Material: Corpo em alum\u00ednio anodizado e haste em a\u00e7o cromado<\/li>\n<li data-section-id=\"1t5d914\" data-start=\"251\" data-end=\"307\">Di\u00e2metro (\u00d8): Padr\u00e3o (consultar medidas dispon\u00edveis)<\/li>\n<li data-section-id=\"14ri6w4\" data-start=\"308\" data-end=\"352\">Curso: Conforme aplica\u00e7\u00e3o (sob consulta)<\/li>\n<li data-section-id=\"1g65g1n\" data-start=\"353\" data-end=\"391\">Posi\u00e7\u00e3o de instala\u00e7\u00e3o: Indiferente<\/li>\n<li data-section-id=\"1skivib\" data-start=\"392\" data-end=\"440\">Press\u00e3o operacional: At\u00e9 10 bar (10 kgf\/cm\u00b2)<\/li>\n<li data-section-id=\"m9ly9s\" data-start=\"441\" data-end=\"503\">Meio de opera\u00e7\u00e3o: Ar comprimido (conforme ISO 8573-1:2010)<\/li>\n<li data-section-id=\"66r6i2\" data-start=\"504\" data-end=\"546\">Temperatura de trabalho: -5 \u00b0C a 70 \u00b0C<\/li>\n<li data-section-id=\"1czz75c\" data-start=\"547\" data-end=\"644\">Caracter\u00edsticas: Alta resist\u00eancia mec\u00e2nica, veda\u00e7\u00e3o eficiente, baixo atrito e longa vida \u00fatil<\/li>\n<\/ul>\n<p data-start=\"651\" data-end=\"667\">\n<p data-start=\"651\" data-end=\"667\"><strong data-start=\"651\" data-end=\"667\">Dicas de Uso<\/strong><\/p>\n<ul data-start=\"669\" data-end=\"948\">\n<li data-section-id=\"1kozy0s\" data-start=\"669\" data-end=\"751\">Garantir que o ar comprimido esteja filtrado e, quando necess\u00e1rio, lubrificado<\/li>\n<li data-section-id=\"1roa0jz\" data-start=\"752\" data-end=\"818\">Realizar a fixa\u00e7\u00e3o correta para evitar desalinhamento da haste<\/li>\n<li data-section-id=\"1xsjfpd\" data-start=\"819\" data-end=\"880\">Evitar cargas laterais excessivas para maior durabilidade<\/li>\n<li data-section-id=\"11mu985\" data-start=\"881\" data-end=\"948\">Selecionar corretamente o curso e di\u00e2metro conforme a aplica\u00e7\u00e3o<\/li>\n<\/ul>\n<p data-start=\"955\" data-end=\"989\">\n<p data-start=\"955\" data-end=\"989\"><strong data-start=\"955\" data-end=\"989\">Aplica\u00e7\u00f5es \/ Nichos de Mercado<\/strong><\/p>\n<ul data-start=\"991\" data-end=\"1120\">\n<li data-section-id=\"1i3e2w7\" data-start=\"991\" data-end=\"1015\">Automa\u00e7\u00e3o industrial<\/li>\n<li data-section-id=\"1gb0147\" data-start=\"1016\" data-end=\"1043\">M\u00e1quinas e equipamentos<\/li>\n<li data-section-id=\"kpmxf3\" data-start=\"1044\" data-end=\"1066\">Linhas de produ\u00e7\u00e3o<\/li>\n<li data-section-id=\"tv9bch\" data-start=\"1067\" data-end=\"1094\">Ind\u00fastria metalmec\u00e2nica<\/li>\n<li data-section-id=\"121nawc\" data-start=\"1095\" data-end=\"1120\">Manuten\u00e7\u00e3o industrial<\/li>\n<\/ul>\n<\/div>\n<\/div>\n<\/div>\n<\/div>\n<div class=\"z-0 flex min-h-[46px] justify-start\"><\/div>\n<div class=\"mt-3 w-full empty:hidden\">\n<div class=\"text-center\"><\/div>\n<\/div>\n<\/div>\n<\/div>\n<\/section>\n<\/div>\n<div class=\"pointer-events-none h-px w-px absolute bottom-0\" aria-hidden=\"true\" data-edge=\"true\"><\/div>\n","protected":false},"excerpt":{"rendered":"<p>O Cilindro Pneum\u00e1tico ISO 6431 \/ ISO 15552 \u00e9 um atuador linear robusto, projetado para aplica\u00e7\u00f5es<br \/>\nindustriais que exigem for\u00e7a, precis\u00e3o e alta durabilidade. Fabricado conforme normas internacionais,<br \/>\ngarante intercambiabilidade, confiabilidade e excelente desempenho em sistemas de automa\u00e7\u00e3o<br \/>\npneum\u00e1tica.<br \/>\nIdeal para uso cont\u00ednuo, oferece movimento linear eficiente com baixo atrito e alta vida \u00fatil, sendo<br \/>\namplamente utilizado em m\u00e1quinas e processos industriais.<\/p>\n","protected":false},"featured_media":1729,"comment_status":"open","ping_status":"closed","template":"","meta":[],"product_brand":[],"product_cat":[30],"product_tag":[],"class_list":{"0":"post-1728","1":"product","2":"type-product","3":"status-publish","4":"has-post-thumbnail","6":"product_cat-cilindros-pneumaticos-e-acessorios","8":"first","9":"instock","10":"shipping-taxable","11":"product-type-simple"},"_links":{"self":[{"href":"https:\/\/markeetar.com.br\/vdmcomponentes\/index.php\/wp-json\/wp\/v2\/product\/1728","targetHints":{"allow":["GET"]}}],"collection":[{"href":"https:\/\/markeetar.com.br\/vdmcomponentes\/index.php\/wp-json\/wp\/v2\/product"}],"about":[{"href":"https:\/\/markeetar.com.br\/vdmcomponentes\/index.php\/wp-json\/wp\/v2\/types\/product"}],"replies":[{"embeddable":true,"href":"https:\/\/markeetar.com.br\/vdmcomponentes\/index.php\/wp-json\/wp\/v2\/comments?post=1728"}],"wp:featuredmedia":[{"embeddable":true,"href":"https:\/\/markeetar.com.br\/vdmcomponentes\/index.php\/wp-json\/wp\/v2\/media\/1729"}],"wp:attachment":[{"href":"https:\/\/markeetar.com.br\/vdmcomponentes\/index.php\/wp-json\/wp\/v2\/media?parent=1728"}],"wp:term":[{"taxonomy":"product_brand","embeddable":true,"href":"https:\/\/markeetar.com.br\/vdmcomponentes\/index.php\/wp-json\/wp\/v2\/product_brand?post=1728"},{"taxonomy":"product_cat","embeddable":true,"href":"https:\/\/markeetar.com.br\/vdmcomponentes\/index.php\/wp-json\/wp\/v2\/product_cat?post=1728"},{"taxonomy":"product_tag","embeddable":true,"href":"https:\/\/markeetar.com.br\/vdmcomponentes\/index.php\/wp-json\/wp\/v2\/product_tag?post=1728"}],"curies":[{"name":"wp","href":"https:\/\/api.w.org\/{rel}","templated":true}]}}