{"id":1744,"date":"2026-04-14T17:49:12","date_gmt":"2026-04-14T17:49:12","guid":{"rendered":"https:\/\/markeetar.com.br\/vdmcomponentes\/?post_type=product&#038;p=1744"},"modified":"2026-04-16T00:52:35","modified_gmt":"2026-04-16T00:52:35","slug":"cotovelo-femea-90","status":"publish","type":"product","link":"https:\/\/markeetar.com.br\/vdmcomponentes\/index.php\/product\/cotovelo-femea-90\/","title":{"rendered":"Cotovelo F\u00eamea 90"},"content":{"rendered":"<p data-start=\"0\" data-end=\"24\"><strong data-start=\"0\" data-end=\"24\">Informa\u00e7\u00f5es T\u00e9cnicas<\/strong><\/p>\n<ul data-start=\"26\" data-end=\"467\">\n<li data-section-id=\"18itc1y\" data-start=\"26\" data-end=\"63\">Material: A\u00e7o carbono galvanizado<\/li>\n<li data-section-id=\"1p5puxb\" data-start=\"64\" data-end=\"137\">Tipo: Conex\u00f5es rosc\u00e1veis (luvas, joelhos, tees, niples, entre outros)<\/li>\n<li data-section-id=\"1pjknk4\" data-start=\"138\" data-end=\"189\">Acabamento: Galvaniza\u00e7\u00e3o a fogo ou eletrol\u00edtica<\/li>\n<li data-section-id=\"ukmkly\" data-start=\"190\" data-end=\"241\">Conex\u00e3o: Rosca BSP\/NPT (conforme especifica\u00e7\u00e3o)<\/li>\n<li data-section-id=\"v81o82\" data-start=\"242\" data-end=\"293\">Tamanho: Padr\u00e3o (consultar bitolas dispon\u00edveis)<\/li>\n<li data-section-id=\"1vl88j6\" data-start=\"294\" data-end=\"372\">Press\u00e3o de trabalho: M\u00e9dia a alta (vari\u00e1vel conforme di\u00e2metro e aplica\u00e7\u00e3o)<\/li>\n<li data-section-id=\"1qiblcb\" data-start=\"373\" data-end=\"428\">Temperatura de trabalho: At\u00e9 aproximadamente 120 \u00b0C<\/li>\n<li data-section-id=\"1g65g1n\" data-start=\"429\" data-end=\"467\">Posi\u00e7\u00e3o de instala\u00e7\u00e3o: Indiferente<\/li>\n<\/ul>\n<p data-start=\"469\" data-end=\"488\">\n<p data-start=\"469\" data-end=\"488\"><strong data-start=\"469\" data-end=\"488\">Caracter\u00edsticas<\/strong><\/p>\n<ul data-start=\"490\" data-end=\"681\">\n<li data-section-id=\"1dzm709\" data-start=\"490\" data-end=\"519\">Alta resist\u00eancia mec\u00e2nica<\/li>\n<li data-section-id=\"szoxcj\" data-start=\"520\" data-end=\"559\">Prote\u00e7\u00e3o contra corros\u00e3o e oxida\u00e7\u00e3o<\/li>\n<li data-section-id=\"19hdmyl\" data-start=\"560\" data-end=\"591\">F\u00e1cil instala\u00e7\u00e3o e montagem<\/li>\n<li data-section-id=\"5kssc3\" data-start=\"592\" data-end=\"629\">Boa veda\u00e7\u00e3o em sistemas rosc\u00e1veis<\/li>\n<li data-section-id=\"4af5g4\" data-start=\"630\" data-end=\"661\">Versatilidade de aplica\u00e7\u00f5es<\/li>\n<li data-section-id=\"1132uky\" data-start=\"662\" data-end=\"681\">Longa vida \u00fatil<\/li>\n<\/ul>\n<p data-start=\"683\" data-end=\"699\">\n<p data-start=\"683\" data-end=\"699\"><strong data-start=\"683\" data-end=\"699\">Dicas de Uso<\/strong><\/p>\n<ul data-start=\"701\" data-end=\"1003\">\n<li data-section-id=\"1pkh4d0\" data-start=\"701\" data-end=\"773\">Utilizar fita veda rosca ou selante apropriado para garantir veda\u00e7\u00e3o<\/li>\n<li data-section-id=\"h9amtr\" data-start=\"774\" data-end=\"821\">Evitar uso com fluidos altamente corrosivos<\/li>\n<li data-section-id=\"1v35fls\" data-start=\"822\" data-end=\"888\">Verificar compatibilidade com press\u00e3o e temperatura do sistema<\/li>\n<li data-section-id=\"1kl3umu\" data-start=\"889\" data-end=\"935\">Realizar inspe\u00e7\u00f5es peri\u00f3dicas nas conex\u00f5es<\/li>\n<li data-section-id=\"1x34sye\" data-start=\"936\" data-end=\"1003\">Armazenar em local seco para preservar o acabamento galvanizado<\/li>\n<\/ul>\n<p data-start=\"1005\" data-end=\"1039\">\n<p data-start=\"1005\" data-end=\"1039\"><strong data-start=\"1005\" data-end=\"1039\">Aplica\u00e7\u00f5es \/ Nichos de Mercado<\/strong><\/p>\n<ul data-start=\"1041\" data-end=\"1182\" data-is-last-node=\"\" data-is-only-node=\"\">\n<li data-section-id=\"ptf0l4\" data-start=\"1041\" data-end=\"1061\">Constru\u00e7\u00e3o civil<\/li>\n<li data-section-id=\"77jbrq\" data-start=\"1062\" data-end=\"1086\">Sistemas hidr\u00e1ulicos<\/li>\n<li data-section-id=\"1krw87w\" data-start=\"1087\" data-end=\"1118\">Redes de combate a inc\u00eandio<\/li>\n<li data-section-id=\"vhcbrt\" data-start=\"1119\" data-end=\"1141\">Ind\u00fastria em geral<\/li>\n<li data-section-id=\"26bmfx\" data-start=\"1142\" data-end=\"1157\">Agricultura<\/li>\n<li data-section-id=\"mcz0z5\" data-start=\"1158\" data-end=\"1182\" data-is-last-node=\"\">Instala\u00e7\u00f5es prediais<\/li>\n<\/ul>\n","protected":false},"excerpt":{"rendered":"<p>As Conex\u00f5es Galvanizadas s\u00e3o ideais para sistemas de condu\u00e7\u00e3o de fluidos que exigem resist\u00eancia<br \/>\nmec\u00e2nica, durabilidade e prote\u00e7\u00e3o contra corros\u00e3o. Fabricadas em a\u00e7o carbono com revestimento<br \/>\ngalvanizado, oferecem excelente desempenho em instala\u00e7\u00f5es hidr\u00e1ulicas, industriais e redes de combate a<br \/>\ninc\u00eandio.<br \/>\nProjetadas para garantir veda\u00e7\u00e3o eficiente e seguran\u00e7a na condu\u00e7\u00e3o de \u00e1gua, ar e outros fluidos n\u00e3o<br \/>\ncorrosivos, s\u00e3o amplamente utilizadas em tubula\u00e7\u00f5es rosc\u00e1veis, proporcionando praticidade na montagem<br \/>\ne alta confiabilidade.<br \/>\nIndicadas para aplica\u00e7\u00f5es que demandam robustez e longa vida \u00fatil, mesmo em ambientes expostos.<\/p>\n","protected":false},"featured_media":1745,"comment_status":"open","ping_status":"closed","template":"","meta":[],"product_brand":[],"product_cat":[32],"product_tag":[],"class_list":{"0":"post-1744","1":"product","2":"type-product","3":"status-publish","4":"has-post-thumbnail","6":"product_cat-conexoes-galvanizadas","8":"first","9":"instock","10":"shipping-taxable","11":"product-type-simple"},"_links":{"self":[{"href":"https:\/\/markeetar.com.br\/vdmcomponentes\/index.php\/wp-json\/wp\/v2\/product\/1744","targetHints":{"allow":["GET"]}}],"collection":[{"href":"https:\/\/markeetar.com.br\/vdmcomponentes\/index.php\/wp-json\/wp\/v2\/product"}],"about":[{"href":"https:\/\/markeetar.com.br\/vdmcomponentes\/index.php\/wp-json\/wp\/v2\/types\/product"}],"replies":[{"embeddable":true,"href":"https:\/\/markeetar.com.br\/vdmcomponentes\/index.php\/wp-json\/wp\/v2\/comments?post=1744"}],"wp:featuredmedia":[{"embeddable":true,"href":"https:\/\/markeetar.com.br\/vdmcomponentes\/index.php\/wp-json\/wp\/v2\/media\/1745"}],"wp:attachment":[{"href":"https:\/\/markeetar.com.br\/vdmcomponentes\/index.php\/wp-json\/wp\/v2\/media?parent=1744"}],"wp:term":[{"taxonomy":"product_brand","embeddable":true,"href":"https:\/\/markeetar.com.br\/vdmcomponentes\/index.php\/wp-json\/wp\/v2\/product_brand?post=1744"},{"taxonomy":"product_cat","embeddable":true,"href":"https:\/\/markeetar.com.br\/vdmcomponentes\/index.php\/wp-json\/wp\/v2\/product_cat?post=1744"},{"taxonomy":"product_tag","embeddable":true,"href":"https:\/\/markeetar.com.br\/vdmcomponentes\/index.php\/wp-json\/wp\/v2\/product_tag?post=1744"}],"curies":[{"name":"wp","href":"https:\/\/api.w.org\/{rel}","templated":true}]}}